{"id":128,"date":"2023-06-15T11:31:52","date_gmt":"2023-06-15T09:31:52","guid":{"rendered":"https:\/\/stockholmpass.net\/?page_id=128"},"modified":"2025-02-07T09:31:40","modified_gmt":"2025-02-07T08:31:40","slug":"impressao","status":"publish","type":"page","link":"https:\/\/www.stockholmpass.net\/pt\/impressum\/","title":{"rendered":"Avisos Legais"},"content":{"rendered":"<p>Patrick K\u00fchne<br>Kolpingstr. 12<br>04416 Markkleeberg<\/p>\n\n\n\n<h2 id=\"kontakt\" class=\"wp-block-heading\">Contactar-nos<\/h2>\n\n\n\n<p>Correio eletr\u00f3nico: patrick@101places.de.de<\/p>\n\n\n\n<h2 id=\"umsatzsteuerid\" class=\"wp-block-heading\">ID do imposto sobre vendas<\/h2>\n\n\n\n<p>N\u00famero de identifica\u00e7\u00e3o fiscal de acordo com o \u00a7 27 da lei relativa ao imposto sobre as vendas:<br>DE251359457<\/p>\n\n\n\n<h2 id=\"verbraucher%25c2%25adstreit%25c2%25adbeilegung\" class=\"wp-block-heading\">Resolu\u00e7\u00e3o de lit\u00edgios de consumo<\/h2>\n\n\n\n<p>N\u00e3o estamos dispostos ou obrigados a participar num processo de resolu\u00e7\u00e3o de lit\u00edgios perante uma comiss\u00e3o de arbitragem de consumidores.<\/p>","protected":false},"excerpt":{"rendered":"<p>Patrick K\u00fchneKolpingstr. 1204416 Markkleeberg Contacto Email: patrick@101places.de.de ID IVA N\u00famero de identifica\u00e7\u00e3o IVA de acordo com o \u00a7 27 a Umsatzsteuergesetz:DE251359457 Resolu\u00e7\u00e3o de lit\u00edgios de consumo N\u00e3o estamos dispostos ou obrigados a participar em processos de resolu\u00e7\u00e3o de lit\u00edgios perante uma comiss\u00e3o de arbitragem de consumidores.<\/p>","protected":false},"author":1,"featured_media":0,"parent":0,"menu_order":0,"comment_status":"closed","ping_status":"closed","template":"","meta":{"footnotes":""},"class_list":["post-128","page","type-page","status-publish"],"aioseo_notices":[],"featured_image_src":null,"_links":{"self":[{"href":"https:\/\/www.stockholmpass.net\/pt\/wp-json\/wp\/v2\/pages\/128","targetHints":{"allow":["GET"]}}],"collection":[{"href":"https:\/\/www.stockholmpass.net\/pt\/wp-json\/wp\/v2\/pages"}],"about":[{"href":"https:\/\/www.stockholmpass.net\/pt\/wp-json\/wp\/v2\/types\/page"}],"author":[{"embeddable":true,"href":"https:\/\/www.stockholmpass.net\/pt\/wp-json\/wp\/v2\/users\/1"}],"replies":[{"embeddable":true,"href":"https:\/\/www.stockholmpass.net\/pt\/wp-json\/wp\/v2\/comments?post=128"}],"version-history":[{"count":4,"href":"https:\/\/www.stockholmpass.net\/pt\/wp-json\/wp\/v2\/pages\/128\/revisions"}],"predecessor-version":[{"id":337,"href":"https:\/\/www.stockholmpass.net\/pt\/wp-json\/wp\/v2\/pages\/128\/revisions\/337"}],"wp:attachment":[{"href":"https:\/\/www.stockholmpass.net\/pt\/wp-json\/wp\/v2\/media?parent=128"}],"curies":[{"name":"wp","href":"https:\/\/api.w.org\/{rel}","templated":true}]}}