{"id":128,"date":"2023-06-15T11:31:52","date_gmt":"2023-06-15T09:31:52","guid":{"rendered":"https:\/\/stockholmpass.net\/?page_id=128"},"modified":"2025-02-07T09:31:40","modified_gmt":"2025-02-07T08:31:40","slug":"odcisk","status":"publish","type":"page","link":"https:\/\/www.stockholmpass.net\/pl\/impressum\/","title":{"rendered":"Informacje prawne"},"content":{"rendered":"<p>Patrick K\u00fchne<br>Kolpingstr. 12<br>04416 Markkleeberg<\/p>\n\n\n\n<h2 id=\"kontakt\" class=\"wp-block-heading\">Skontaktuj si\u0119 z nami<\/h2>\n\n\n\n<p>E-mail: patrick@101places.de.de<\/p>\n\n\n\n<h2 id=\"umsatzsteuerid\" class=\"wp-block-heading\">Identyfikator podatkowy sprzeda\u017cy<\/h2>\n\n\n\n<p>Numer identyfikacji podatkowej zgodnie z \u00a7 27 ustawy o podatku od sprzeda\u017cy:<br>DE251359457<\/p>\n\n\n\n<h2 id=\"verbraucher%25c2%25adstreit%25c2%25adbeilegung\" class=\"wp-block-heading\">Rozstrzyganie spor\u00f3w konsumenckich<\/h2>\n\n\n\n<p>Nie jeste\u015bmy sk\u0142onni ani zobowi\u0105zani do udzia\u0142u w post\u0119powaniu rozstrzygaj\u0105cym spory przed komisj\u0105 arbitra\u017cow\u0105 ds. konsument\u00f3w.<\/p>","protected":false},"excerpt":{"rendered":"<p>Patrick K\u00fchneKolpingstr. 1204416 Markkleeberg Kontakt Email: patrick@101places.de.de NIP Numer identyfikacyjny VAT zgodnie z \u00a7 27 a Umsatzsteuergesetz:DE251359457 Rozstrzyganie spor\u00f3w konsumenckich Nie jeste\u015bmy sk\u0142onni ani zobowi\u0105zani do udzia\u0142u w post\u0119powaniu rozstrzygaj\u0105cym spory przed komisj\u0105 arbitra\u017cow\u0105 konsument\u00f3w.<\/p>","protected":false},"author":1,"featured_media":0,"parent":0,"menu_order":0,"comment_status":"closed","ping_status":"closed","template":"","meta":{"footnotes":""},"class_list":["post-128","page","type-page","status-publish"],"aioseo_notices":[],"featured_image_src":null,"_links":{"self":[{"href":"https:\/\/www.stockholmpass.net\/pl\/wp-json\/wp\/v2\/pages\/128","targetHints":{"allow":["GET"]}}],"collection":[{"href":"https:\/\/www.stockholmpass.net\/pl\/wp-json\/wp\/v2\/pages"}],"about":[{"href":"https:\/\/www.stockholmpass.net\/pl\/wp-json\/wp\/v2\/types\/page"}],"author":[{"embeddable":true,"href":"https:\/\/www.stockholmpass.net\/pl\/wp-json\/wp\/v2\/users\/1"}],"replies":[{"embeddable":true,"href":"https:\/\/www.stockholmpass.net\/pl\/wp-json\/wp\/v2\/comments?post=128"}],"version-history":[{"count":4,"href":"https:\/\/www.stockholmpass.net\/pl\/wp-json\/wp\/v2\/pages\/128\/revisions"}],"predecessor-version":[{"id":337,"href":"https:\/\/www.stockholmpass.net\/pl\/wp-json\/wp\/v2\/pages\/128\/revisions\/337"}],"wp:attachment":[{"href":"https:\/\/www.stockholmpass.net\/pl\/wp-json\/wp\/v2\/media?parent=128"}],"curies":[{"name":"wp","href":"https:\/\/api.w.org\/{rel}","templated":true}]}}